{"id":340,"date":"2026-03-18T08:57:34","date_gmt":"2026-03-18T08:57:34","guid":{"rendered":"https:\/\/keyspilot.com\/?page_id=340"},"modified":"2026-03-28T08:54:05","modified_gmt":"2026-03-28T07:54:05","slug":"mentions-legales","status":"publish","type":"page","link":"https:\/\/keyspilot.com\/index.php\/mentions-legales\/","title":{"rendered":"Mentions l\u00e9gales"},"content":{"rendered":"\n<h3 class=\"wp-block-heading\">\u00c9diteur du site<\/h3>\n\n\n\n<p>Le pr\u00e9sent site est \u00e9dit\u00e9 par :<br><strong>KeysPilot Conciergerie<\/strong><\/p>\n\n\n\n<p>Statut : auto-entrepreneur<br>Nom \/ Pr\u00e9nom : <strong>KeysPilot Conciergerie<\/strong><br>Adresse : Courbevoie<br>Email : <a>contact@keyspilot.com<\/a><\/p>\n\n\n\n<hr class=\"wp-block-separator has-alpha-channel-opacity\"\/>\n\n\n\n<h3 class=\"wp-block-heading\">Responsable de la publication<\/h3>\n\n\n\n<p>Le responsable de la publication est :<br><strong>KeysPilot Conciergerie<\/strong><\/p>\n\n\n\n<hr class=\"wp-block-separator has-alpha-channel-opacity\"\/>\n\n\n\n<h3 class=\"wp-block-heading\">H\u00e9bergement<\/h3>\n\n\n\n<p>Le site est h\u00e9berg\u00e9 par :<br><strong>OVHcloud<\/strong><br>2 rue Kellermann<br>59100 Roubaix<br>France<br>T\u00e9l\u00e9phone : 1007<br>Site web : <a>www.ovhcloud.com<\/a><\/p>\n\n\n\n<hr class=\"wp-block-separator has-alpha-channel-opacity\"\/>\n\n\n\n<h3 class=\"wp-block-heading\">Propri\u00e9t\u00e9 intellectuelle<\/h3>\n\n\n\n<p>L\u2019ensemble du contenu du site (textes, images, logo, \u00e9l\u00e9ments graphiques) est la propri\u00e9t\u00e9 exclusive de KeysPilot Conciergerie, sauf mentions contraires.<\/p>\n\n\n\n<p>Toute reproduction, distribution ou utilisation sans autorisation est interdite.<\/p>\n\n\n\n<hr class=\"wp-block-separator has-alpha-channel-opacity\"\/>\n\n\n\n<h3 class=\"wp-block-heading\">Responsabilit\u00e9<\/h3>\n\n\n\n<p>KeysPilot Conciergerie s\u2019efforce de fournir des informations fiables et \u00e0 jour.<br>Cependant, aucune garantie n\u2019est apport\u00e9e quant \u00e0 l\u2019exactitude ou l\u2019exhaustivit\u00e9 des informations diffus\u00e9es sur le site.<\/p>\n\n\n\n<hr class=\"wp-block-separator has-alpha-channel-opacity\"\/>\n\n\n\n<h3 class=\"wp-block-heading\">Donn\u00e9es personnelles<\/h3>\n\n\n\n<p>Les informations collect\u00e9es via le site (formulaire de contact, etc.) sont utilis\u00e9es uniquement dans le cadre de la relation commerciale.<\/p>\n\n\n\n<p>Pour en savoir plus, consultez notre Politique de confidentialit\u00e9.<\/p>\n\n\n\n<hr class=\"wp-block-separator has-alpha-channel-opacity\"\/>\n\n\n\n<h3 class=\"wp-block-heading\">Contact<\/h3>\n\n\n\n<p>Pour toute question, vous pouvez nous contacter \u00e0 l\u2019adresse suivante :<br><a>contact@keyspilot.com<\/a><\/p>\n","protected":false},"excerpt":{"rendered":"<p>\u00c9diteur du site Le pr\u00e9sent site est \u00e9dit\u00e9 par :KeysPilot Conciergerie Statut : auto-entrepreneurNom \/ Pr\u00e9nom : KeysPilot ConciergerieAdresse : CourbevoieEmail : contact@keyspilot.com Responsable de la publication Le responsable de la publication est :KeysPilot Conciergerie H\u00e9bergement Le site est h\u00e9berg\u00e9 par :OVHcloud2 rue Kellermann59100 RoubaixFranceT\u00e9l\u00e9phone : 1007Site web : www.ovhcloud.com Propri\u00e9t\u00e9 intellectuelle L\u2019ensemble du contenu&#8230;<\/p>\n","protected":false},"author":1,"featured_media":0,"parent":0,"menu_order":0,"comment_status":"closed","ping_status":"closed","template":"","meta":{"_kadence_starter_templates_imported_post":false,"_kad_post_transparent":"","_kad_post_title":"","_kad_post_layout":"","_kad_post_sidebar_id":"","_kad_post_content_style":"","_kad_post_vertical_padding":"","_kad_post_feature":"","_kad_post_feature_position":"","_kad_post_header":false,"_kad_post_footer":false,"_kad_post_classname":"","footnotes":""},"class_list":["post-340","page","type-page","status-publish","hentry"],"_links":{"self":[{"href":"https:\/\/keyspilot.com\/index.php\/wp-json\/wp\/v2\/pages\/340","targetHints":{"allow":["GET"]}}],"collection":[{"href":"https:\/\/keyspilot.com\/index.php\/wp-json\/wp\/v2\/pages"}],"about":[{"href":"https:\/\/keyspilot.com\/index.php\/wp-json\/wp\/v2\/types\/page"}],"author":[{"embeddable":true,"href":"https:\/\/keyspilot.com\/index.php\/wp-json\/wp\/v2\/users\/1"}],"replies":[{"embeddable":true,"href":"https:\/\/keyspilot.com\/index.php\/wp-json\/wp\/v2\/comments?post=340"}],"version-history":[{"count":4,"href":"https:\/\/keyspilot.com\/index.php\/wp-json\/wp\/v2\/pages\/340\/revisions"}],"predecessor-version":[{"id":359,"href":"https:\/\/keyspilot.com\/index.php\/wp-json\/wp\/v2\/pages\/340\/revisions\/359"}],"wp:attachment":[{"href":"https:\/\/keyspilot.com\/index.php\/wp-json\/wp\/v2\/media?parent=340"}],"curies":[{"name":"wp","href":"https:\/\/api.w.org\/{rel}","templated":true}]}}